{"id":2,"date":"2022-02-14T11:54:50","date_gmt":"2022-02-14T11:54:50","guid":{"rendered":"http:\/\/mobilepersonenbetreuung.at\/?page_id=2"},"modified":"2025-11-12T15:06:30","modified_gmt":"2025-11-12T14:06:30","slug":"sample-page","status":"publish","type":"page","link":"https:\/\/mobilepersonenbetreuung.at\/?page_id=2","title":{"rendered":"Impressum"},"content":{"rendered":"\t\t<div data-elementor-type=\"wp-page\" data-elementor-id=\"2\" class=\"elementor elementor-2\" data-elementor-post-type=\"page\">\n\t\t\t\t\t\t<section class=\"elementor-section elementor-top-section elementor-element elementor-element-2c518780 elementor-section-boxed elementor-section-height-default elementor-section-height-default\" data-id=\"2c518780\" data-element_type=\"section\" data-e-type=\"section\">\n\t\t\t\t\t\t<div class=\"elementor-container elementor-column-gap-default\">\n\t\t\t\t\t<div class=\"elementor-column elementor-col-100 elementor-top-column elementor-element elementor-element-22e10860\" data-id=\"22e10860\" data-element_type=\"column\" data-e-type=\"column\">\n\t\t\t<div class=\"elementor-widget-wrap elementor-element-populated\">\n\t\t\t\t\t\t<div class=\"elementor-element elementor-element-4c71477b elementor-widget elementor-widget-heading\" data-id=\"4c71477b\" data-element_type=\"widget\" data-e-type=\"widget\" data-widget_type=\"heading.default\">\n\t\t\t\t<div class=\"elementor-widget-container\">\n\t\t\t\t\t<h1 class=\"elementor-heading-title elementor-size-default\">Impressum<\/h1>\t\t\t\t<\/div>\n\t\t\t\t<\/div>\n\t\t\t\t<div class=\"elementor-element elementor-element-21abc91b elementor-widget elementor-widget-text-editor\" data-id=\"21abc91b\" data-element_type=\"widget\" data-e-type=\"widget\" data-widget_type=\"text-editor.default\">\n\t\t\t\t<div class=\"elementor-widget-container\">\n\t\t\t\t\t\t\t\t\t<p class=\"p1\"><strong>Mobilepersonenbetreuung GmbH in Gr\u00fcndung<\/strong><\/p>\n<p>An der Schwemme 24\/1<br \/>2285 Breitstetten,\u00a0<\/p>\n<p><strong>e-mail: <a href=\"mailto:kontakt@mobilepersonenbetreuung.at\">kontakt(a)mobilepersonenbetreuung.at<\/a><br \/><\/strong><strong>Firmenbuchnummer: tbd<\/strong><\/p>\n<p><strong>Firmengericht:<\/strong> Landesgericht Korneuburg<\/p>\n<p><a href=\"https:\/\/firmen.wko.at\/home-care-management-alexander-winter-eu\/nieder\u00f6sterreich\/?firmaid=b98f7108-265f-4fbb-a132-23a350f602f0&amp;suchbegriff=home%20care%20management%20alexander%20winter%20eu\" target=\"_blank\" rel=\"noopener\"><img decoding=\"async\" class=\"alignnone\" src=\"https:\/\/active-concepts.at\/wp-content\/uploads\/2022\/01\/ecg_tag-1.jpg\" alt=\"\" width=\"169\" height=\"23\" \/><\/a><\/p>\n<p>\u00a0<\/p>\n<p><!-- \/wp:paragraph --><\/p>\t\t\t\t\t\t\t\t<\/div>\n\t\t\t\t<\/div>\n\t\t\t\t\t<\/div>\n\t\t<\/div>\n\t\t\t\t\t<\/div>\n\t\t<\/section>\n\t\t\t\t<section class=\"elementor-section elementor-top-section elementor-element elementor-element-635249d elementor-section-boxed elementor-section-height-default elementor-section-height-default\" data-id=\"635249d\" data-element_type=\"section\" data-e-type=\"section\">\n\t\t\t\t\t\t<div class=\"elementor-container elementor-column-gap-default\">\n\t\t\t\t\t<div class=\"elementor-column elementor-col-100 elementor-top-column elementor-element elementor-element-7ce2c8a\" data-id=\"7ce2c8a\" data-element_type=\"column\" data-e-type=\"column\">\n\t\t\t<div class=\"elementor-widget-wrap elementor-element-populated\">\n\t\t\t\t\t\t<div class=\"elementor-element elementor-element-8f67372 elementor-widget elementor-widget-heading\" data-id=\"8f67372\" data-element_type=\"widget\" data-e-type=\"widget\" data-widget_type=\"heading.default\">\n\t\t\t\t<div class=\"elementor-widget-container\">\n\t\t\t\t\t<h1 class=\"elementor-heading-title elementor-size-default\">Disclaimer<\/h1>\t\t\t\t<\/div>\n\t\t\t\t<\/div>\n\t\t\t\t<div class=\"elementor-element elementor-element-2bd701b elementor-widget elementor-widget-text-editor\" data-id=\"2bd701b\" data-element_type=\"widget\" data-e-type=\"widget\" data-widget_type=\"text-editor.default\">\n\t\t\t\t<div class=\"elementor-widget-container\">\n\t\t\t\t\t\t\t\t\t<p><!-- wp:paragraph --><\/p>\n<p>Der Betreiber dieser Website \u00fcbernimmt keinerlei Haftung f\u00fcr die Richtigkeit, Vollst\u00e4ndigkeit und Aktualit\u00e4t der Homepage.<br \/>Er hat keinerlei Einfluss auf die Gestaltung und die Inhalte extern verlinkter Seiten.<br \/>Trotz sorgf\u00e4ltiger inhaltlicher Kontrolle \u00fcbernimmt er keine Haftung f\u00fcr die Inhalte externer Links.<br \/>F\u00fcr den Inhalt der verlinkten Seiten sind ausschlie\u00dflich deren Betreiber verantwortlich.<br \/>Diese Erkl\u00e4rung gilt f\u00fcr alle auf dieser Website enthaltenen externen Links.<\/p>\n<p>Irrt\u00fcmer werden vorbehalten.<\/p>\n<p>Der Benutzer anerkennt den Gebrauch der Homepage und der verlinkten Websites auf eigene Gefahr, sodass niemanden, der an der Erstellung der Informationen beteiligt war, eine (in-)direkte Haftung f\u00fcr (Folge-)sch\u00e4den trifft.<\/p>\n<p>\u00a0<\/p>\n<p>\u00a0<\/p>\n<p>Photo Credit: iStock by GettyImages<\/p>\n<p><!-- \/wp:paragraph --><\/p>\t\t\t\t\t\t\t\t<\/div>\n\t\t\t\t<\/div>\n\t\t\t\t\t<\/div>\n\t\t<\/div>\n\t\t\t\t\t<\/div>\n\t\t<\/section>\n\t\t\t\t<\/div>\n\t\t","protected":false},"excerpt":{"rendered":"<p>Impressum Mobilepersonenbetreuung GmbH in Gr\u00fcndung An der Schwemme 24\/12285 Breitstetten,\u00a0 e-mail: kontakt(a)mobilepersonenbetreuung.atFirmenbuchnummer: tbd Firmengericht: Landesgericht Korneuburg \u00a0 Disclaimer Der Betreiber dieser Website \u00fcbernimmt keinerlei Haftung f\u00fcr die Richtigkeit, Vollst\u00e4ndigkeit und Aktualit\u00e4t der Homepage.Er hat keinerlei Einfluss auf die Gestaltung und die Inhalte extern verlinkter Seiten.Trotz sorgf\u00e4ltiger inhaltlicher Kontrolle \u00fcbernimmt er keine Haftung f\u00fcr die Inhalte&hellip; <a class=\"more-link\" href=\"https:\/\/mobilepersonenbetreuung.at\/?page_id=2\">Continue reading <span class=\"screen-reader-text\">Impressum<\/span><\/a><\/p>\n","protected":false},"author":1,"featured_media":0,"parent":0,"menu_order":0,"comment_status":"closed","ping_status":"open","template":"elementor_header_footer","meta":{"footnotes":""},"class_list":["post-2","page","type-page","status-publish","hentry","entry"],"_links":{"self":[{"href":"https:\/\/mobilepersonenbetreuung.at\/index.php?rest_route=\/wp\/v2\/pages\/2","targetHints":{"allow":["GET"]}}],"collection":[{"href":"https:\/\/mobilepersonenbetreuung.at\/index.php?rest_route=\/wp\/v2\/pages"}],"about":[{"href":"https:\/\/mobilepersonenbetreuung.at\/index.php?rest_route=\/wp\/v2\/types\/page"}],"author":[{"embeddable":true,"href":"https:\/\/mobilepersonenbetreuung.at\/index.php?rest_route=\/wp\/v2\/users\/1"}],"replies":[{"embeddable":true,"href":"https:\/\/mobilepersonenbetreuung.at\/index.php?rest_route=%2Fwp%2Fv2%2Fcomments&post=2"}],"version-history":[{"count":5,"href":"https:\/\/mobilepersonenbetreuung.at\/index.php?rest_route=\/wp\/v2\/pages\/2\/revisions"}],"predecessor-version":[{"id":455,"href":"https:\/\/mobilepersonenbetreuung.at\/index.php?rest_route=\/wp\/v2\/pages\/2\/revisions\/455"}],"wp:attachment":[{"href":"https:\/\/mobilepersonenbetreuung.at\/index.php?rest_route=%2Fwp%2Fv2%2Fmedia&parent=2"}],"curies":[{"name":"wp","href":"https:\/\/api.w.org\/{rel}","templated":true}]}}